{"id":1039,"date":"2025-02-10T09:24:54","date_gmt":"2025-02-10T08:24:54","guid":{"rendered":"https:\/\/temel-fm.de\/?page_id=1039"},"modified":"2025-02-12T14:52:21","modified_gmt":"2025-02-12T13:52:21","slug":"1039-2","status":"publish","type":"page","link":"https:\/\/temel-fm.de\/index.php\/1039-2\/","title":{"rendered":"Karriere"},"content":{"rendered":"\n<style type=\"text\/css\" data-created_by=\"avia_inline_auto\" id=\"style-css-av-p8iusf-f2ba5d708e6adb230adfd3bd3306fc8f\">\n.avia-section.av-p8iusf-f2ba5d708e6adb230adfd3bd3306fc8f{\nbackground-color:#600003;\nbackground:linear-gradient( to top right, #600003, #ff2128 );\n}\n.avia-section.av-p8iusf-f2ba5d708e6adb230adfd3bd3306fc8f .av-extra-border-element .av-extra-border-inner{\nbackground-color:#ffffff;\n}\n<\/style>\n<div id='search_section'  class='avia-section av-p8iusf-f2ba5d708e6adb230adfd3bd3306fc8f main_color avia-section-default avia-no-shadow  avia-builder-el-0  el_before_av_section  avia-builder-el-first  avia-bg-style-scroll av-arrow-down-section container_wrap sidebar_right'  ><div class='container av-section-cont-open' ><main  role=\"main\" itemprop=\"mainContentOfPage\"  class='template-page content  av-content-small alpha units'><div class='post-entry post-entry-type-page post-entry-1039'><div class='entry-content-wrapper clearfix'>\n<div class='flex_column_table av-oard2n-26359aabe3cb07b01286ecffc25aa76e sc-av_one_fourth av-equal-height-column-flextable'><div  class='flex_column av-oard2n-26359aabe3cb07b01286ecffc25aa76e av_one_fourth  avia-builder-el-1  el_before_av_one_half  avia-builder-el-first  first flex_column_table_cell av-equal-height-column av-align-middle  '     ><style type=\"text\/css\" data-created_by=\"avia_inline_auto\" id=\"style-css-av-m6ysggf4-1a91a138149fe89967000ede20240b7d\">\n#top .av-special-heading.av-m6ysggf4-1a91a138149fe89967000ede20240b7d{\npadding-bottom:0;\ncolor:#ffffff;\nfont-size:42px;\n}\nbody .av-special-heading.av-m6ysggf4-1a91a138149fe89967000ede20240b7d .av-special-heading-tag .heading-char{\nfont-size:25px;\n}\n#top #wrap_all .av-special-heading.av-m6ysggf4-1a91a138149fe89967000ede20240b7d .av-special-heading-tag{\nfont-size:42px;\n}\n.av-special-heading.av-m6ysggf4-1a91a138149fe89967000ede20240b7d .special-heading-inner-border{\nborder-color:#ffffff;\n}\n.av-special-heading.av-m6ysggf4-1a91a138149fe89967000ede20240b7d .av-subheading{\nfont-size:14px;\n}\n\n@media only screen and (min-width: 480px) and (max-width: 767px){ \n#top #wrap_all .av-special-heading.av-m6ysggf4-1a91a138149fe89967000ede20240b7d .av-special-heading-tag{\nfont-size:0.8em;\n}\n}\n\n@media only screen and (max-width: 479px){ \n#top #wrap_all .av-special-heading.av-m6ysggf4-1a91a138149fe89967000ede20240b7d .av-special-heading-tag{\nfont-size:0.8em;\n}\n}\n<\/style>\n<div  class='av-special-heading av-m6ysggf4-1a91a138149fe89967000ede20240b7d av-special-heading-h1 custom-color-heading blockquote modern-quote  avia-builder-el-2  avia-builder-el-no-sibling  av-inherit-size av-linked-heading'><h1 class='av-special-heading-tag '  itemprop=\"headline\"  >Karriere bei TEMEL Facility Management<\/h1><div class=\"special-heading-border\"><div class=\"special-heading-inner-border\"><\/div><\/div><\/div><\/div><div class='av-flex-placeholder'><\/div><div  class='flex_column av-m40cvz-e0df3333741476b0a3422ed7f9473901 av_one_half  avia-builder-el-3  el_after_av_one_fourth  el_before_av_one_third  flex_column_table_cell av-equal-height-column av-align-middle  '     ><style type=\"text\/css\" data-created_by=\"avia_inline_auto\" id=\"style-css-av-kns7pb-e45b5696f4f7590ec836f33e77efcb8e\">\n#top .av_textblock_section.av-kns7pb-e45b5696f4f7590ec836f33e77efcb8e .avia_textblock{\ncolor:#ffffff;\n}\n<\/style>\n<section  class='av_textblock_section av-kns7pb-e45b5696f4f7590ec836f33e77efcb8e '   itemscope=\"itemscope\" itemtype=\"https:\/\/schema.org\/CreativeWork\" ><div class='avia_textblock av_inherit_color'  itemprop=\"text\" ><p><img loading=\"lazy\" decoding=\"async\" class=\"alignnone size-full wp-image-1012\" src=\"https:\/\/temel-fm.de\/wp-content\/uploads\/2025\/01\/Temel_Logo-lupe_w.png\" alt=\"\" width=\"595\" height=\"100\" srcset=\"https:\/\/temel-fm.de\/wp-content\/uploads\/2025\/01\/Temel_Logo-lupe_w.png 595w, https:\/\/temel-fm.de\/wp-content\/uploads\/2025\/01\/Temel_Logo-lupe_w-300x50.png 300w\" sizes=\"auto, (max-width: 595px) 100vw, 595px\" \/><\/p>\n<\/div><\/section><\/div><\/div><!--close column table wrapper. Autoclose: 1 --><div class='flex_column_table av-j9785b-3c1141a7e2da4b932eac5f547dadf0b1 sc-av_one_third av-equal-height-column-flextable'>\n<style type=\"text\/css\" data-created_by=\"avia_inline_auto\" id=\"style-css-av-j9785b-3c1141a7e2da4b932eac5f547dadf0b1\">\n.flex_column.av-j9785b-3c1141a7e2da4b932eac5f547dadf0b1{\nborder-radius:0px 0px 0px 0px;\npadding:0px 0px 0px 0px;\n}\n<\/style>\n<div  class='flex_column av-j9785b-3c1141a7e2da4b932eac5f547dadf0b1 av_one_third  avia-builder-el-5  el_after_av_one_half  el_before_av_two_third  first flex_column_table_cell av-equal-height-column av-align-middle av-zero-column-padding  column-top-margin'     ><section  class='av_textblock_section av-h55j1r-72fb0fdeda0c52c957b5a802a29bd6c8 '   itemscope=\"itemscope\" itemtype=\"https:\/\/schema.org\/CreativeWork\" ><div class='avia_textblock'  itemprop=\"text\" ><p><img loading=\"lazy\" decoding=\"async\" class=\"alignnone size-medium wp-image-785\" src=\"https:\/\/temel-fm.de\/wp-content\/uploads\/2025\/01\/logo_v4-1-300x188.png\" alt=\"\" width=\"300\" height=\"188\" srcset=\"https:\/\/temel-fm.de\/wp-content\/uploads\/2025\/01\/logo_v4-1-300x188.png 300w, https:\/\/temel-fm.de\/wp-content\/uploads\/2025\/01\/logo_v4-1.png 500w\" sizes=\"auto, (max-width: 300px) 100vw, 300px\" \/><\/p>\n<\/div><\/section><\/div><div class='av-flex-placeholder'><\/div>\n<style type=\"text\/css\" data-created_by=\"avia_inline_auto\" id=\"style-css-av-fgwocf-cff0e89a0db580603df5c02c31704c09\">\n.flex_column.av-fgwocf-cff0e89a0db580603df5c02c31704c09{\nborder-radius:0px 0px 0px 0px;\npadding:0px 0px 0px 0px;\n}\n<\/style>\n<div  class='flex_column av-fgwocf-cff0e89a0db580603df5c02c31704c09 av_two_third  avia-builder-el-7  el_after_av_one_third  avia-builder-el-last  flex_column_table_cell av-equal-height-column av-align-middle av-zero-column-padding  column-top-margin'     ><style type=\"text\/css\" data-created_by=\"avia_inline_auto\" id=\"style-css-av-m6ysgsbi-d1223ced4df77aa6d46f04f2ef198daa\">\n#top .av_textblock_section.av-m6ysgsbi-d1223ced4df77aa6d46f04f2ef198daa .avia_textblock{\ncolor:#ffffff;\n}\n<\/style>\n<section  class='av_textblock_section av-m6ysgsbi-d1223ced4df77aa6d46f04f2ef198daa '   itemscope=\"itemscope\" itemtype=\"https:\/\/schema.org\/CreativeWork\" ><div class='avia_textblock av_inherit_color'  itemprop=\"text\" ><h3><strong>Werden Sie Teil unseres Teams!<\/strong><\/h3>\n<p>Sie suchen eine sichere und abwechslungsreiche Arbeit in der Geb\u00e4udereinigung und Facility Management? Dann sind Sie bei uns genau richtig! <strong>TEMEL Facility Management<\/strong> steht f\u00fcr Qualit\u00e4t, Zuverl\u00e4ssigkeit und ein starkes Team. Wir bieten Ihnen attraktive Arbeitspl\u00e4tze in einem wachsenden Unternehmen mit spannenden Aufgabenbereichen.<\/p>\n<\/div><\/section><\/div><\/div><!--close column table wrapper. Autoclose: 1 -->\n\n<\/div><\/div><\/main><!-- close content main element --><\/div><div class='av-extra-border-element border-extra-arrow-down'><div class='av-extra-border-outer'><div class='av-extra-border-inner'><\/div><\/div><\/div><\/div><div id='av_section_2'  class='avia-section av-m6ysmvef-7a6fcc7464901fa3907e5609f135381a main_color avia-section-large avia-no-border-styling  avia-builder-el-9  el_after_av_section  el_before_av_section  avia-bg-style-scroll container_wrap sidebar_right'  ><div class='container av-section-cont-open' ><div class='template-page content  av-content-small alpha units'><div class='post-entry post-entry-type-page post-entry-1039'><div class='entry-content-wrapper clearfix'>\n<div  class='flex_column av-dlkjtr-50566eade23ddd928c6838ae85c557b0 av_one_third  avia-builder-el-10  el_before_av_one_third  avia-builder-el-first  first flex_column_div  '     ><section  class='av_textblock_section av-m6ysjg9r-e9b7ee0711b8d4a6aac422f3d5fd0b6a '   itemscope=\"itemscope\" itemtype=\"https:\/\/schema.org\/CreativeWork\" ><div class='avia_textblock'  itemprop=\"text\" ><h2><strong>Unsere offenen Stellen:<\/strong><\/h2>\n<p>\ud83d\udd39 <strong>Geb\u00e4udereiniger (m\/w\/d)<\/strong> \u2013 Reinigung von B\u00fcros, Treppenh\u00e4usern &#038; Fassaden<br \/>\n\ud83d\udd39 <strong>Glasreiniger (m\/w\/d)<\/strong> \u2013 Fenster-, Fassaden- &#038; Glasfl\u00e4chenreinigung<br \/>\n\ud83d\udd39 <strong>Hausmeister (m\/w\/d)<\/strong> \u2013 Wartung &#038; Pflege von Wohn- und Gewerbeimmobilien<br \/>\n\ud83d\udd39 <strong>Au\u00dfenanlagen-Pfleger (m\/w\/d)<\/strong> \u2013 Gr\u00fcnfl\u00e4chen- &#038; Au\u00dfenreinigung<br \/>\n\ud83d\udd39 <strong>Winterdienst-Mitarbeiter (m\/w\/d)<\/strong> \u2013 Schneer\u00e4umung &#038; Streudienst<\/p>\n<\/div><\/section><\/div><div  class='flex_column av-cd698v-c15adf0a797342e5de636be40bcd0463 av_one_third  avia-builder-el-12  el_after_av_one_third  avia-builder-el-last  flex_column_div  '     ><section  class='av_textblock_section av-m6ysk2cw-6c550844834c3c0d7fc21abebc1e42bd '   itemscope=\"itemscope\" itemtype=\"https:\/\/schema.org\/CreativeWork\" ><div class='avia_textblock'  itemprop=\"text\" ><h2><strong>Was Sie mitbringen sollten:<\/strong><\/h2>\n<p>\u2714 <strong>Zuverl\u00e4ssigkeit &#038; Motivation<\/strong> \u2013 Wir legen Wert auf Teamgeist<br \/>\n\u2714 <strong>Erfahrung in der Reinigung<\/strong> (von Vorteil, aber keine Pflicht)<br \/>\n\u2714 <strong>Sorgf\u00e4ltige &#038; gr\u00fcndliche Arbeitsweise<\/strong><br \/>\n\u2714 <strong>F\u00fchrerschein (bei bestimmten Stellen von Vorteil)<\/strong><\/p>\n<\/div><\/section><\/div><\/div><\/div><\/div><!-- close content main div --><\/div><\/div>\n<style type=\"text\/css\" data-created_by=\"avia_inline_auto\" id=\"style-css-av-m6ysn1hn-eef4f7163dc3626b33f98c5b9979ce9b\">\n.avia-section.av-m6ysn1hn-eef4f7163dc3626b33f98c5b9979ce9b{\nbackground-color:#ffffff;\nbackground-image:unset;\n}\n<\/style>\n<div id='milestones_section'  class='avia-section av-m6ysn1hn-eef4f7163dc3626b33f98c5b9979ce9b main_color avia-section-default avia-no-border-styling  avia-builder-el-14  el_after_av_section  avia-builder-el-last  avia-bg-style-scroll container_wrap sidebar_right'  ><div class='container av-section-cont-open' ><div class='template-page content  av-content-small alpha units'><div class='post-entry post-entry-type-page post-entry-1039'><div class='entry-content-wrapper clearfix'>\n\n<style type=\"text\/css\" data-created_by=\"avia_inline_auto\" id=\"style-css-av-m6ysl6bq-77d134a12fd11c6f7a1eb39b7aa862a9\">\n#top .av-special-heading.av-m6ysl6bq-77d134a12fd11c6f7a1eb39b7aa862a9{\npadding-bottom:10px;\nfont-size:34px;\n}\nbody .av-special-heading.av-m6ysl6bq-77d134a12fd11c6f7a1eb39b7aa862a9 .av-special-heading-tag .heading-char{\nfont-size:25px;\n}\n#top #wrap_all .av-special-heading.av-m6ysl6bq-77d134a12fd11c6f7a1eb39b7aa862a9 .av-special-heading-tag{\nfont-size:34px;\n}\n.av-special-heading.av-m6ysl6bq-77d134a12fd11c6f7a1eb39b7aa862a9 .av-subheading{\nfont-size:15px;\n}\n\n@media only screen and (min-width: 480px) and (max-width: 767px){ \n#top #wrap_all .av-special-heading.av-m6ysl6bq-77d134a12fd11c6f7a1eb39b7aa862a9 .av-special-heading-tag{\nfont-size:0.8em;\n}\n}\n\n@media only screen and (max-width: 479px){ \n#top #wrap_all .av-special-heading.av-m6ysl6bq-77d134a12fd11c6f7a1eb39b7aa862a9 .av-special-heading-tag{\nfont-size:0.8em;\n}\n}\n<\/style>\n<div  class='av-special-heading av-m6ysl6bq-77d134a12fd11c6f7a1eb39b7aa862a9 av-special-heading-h1 blockquote modern-quote modern-centered  avia-builder-el-15  el_before_av_textblock  avia-builder-el-first  av-inherit-size av-linked-heading'><h1 class='av-special-heading-tag '  itemprop=\"headline\"  >Jetzt bewerben <span class='special_amp'>&amp;<\/span> durchstarten!<\/h1><div class=\"special-heading-border\"><div class=\"special-heading-inner-border\"><\/div><\/div><\/div>\n<section  class='av_textblock_section av-m6yslfuc-cfc46c2b0fae10426226367a9084cf3f '   itemscope=\"itemscope\" itemtype=\"https:\/\/schema.org\/CreativeWork\" ><div class='avia_textblock'  itemprop=\"text\" ><p style=\"text-align: center;\">Interessiert? Dann freuen wir uns auf Ihre Bewerbung!<\/p>\n<\/div><\/section>\n<form action=\"https:\/\/temel-fm.de\/index.php\/1039-2\/\" method=\"post\" data-fields-with-error=\"Fehler wurden in folgenden Feld(ern) gefunden:\" class=\"avia_ajax_form av-form-labels-hidden   avia-builder-el-17  el_after_av_textblock  avia-builder-el-last   \" data-avia-form-id=\"1\" data-avia-redirect=''  aria-label='Kontaktformular' ><fieldset><p class='  first_form  form_element form_element_half' id='element_avia_1_1'><label for=\"avia_1_1\">Name <abbr class=\"required\" title=\"ben\u00f6tigt\">*<\/abbr><\/label> <input name=\"avia_1_1\" class=\"text_input is_empty\" type=\"text\" id=\"avia_1_1\" value=\"\"  placeholder='Name*'\/><\/p><p class='  form_element form_element_half' id='element_avia_2_1'><label for=\"avia_2_1\">E-Mail <abbr class=\"required\" title=\"ben\u00f6tigt\">*<\/abbr><\/label> <input name=\"avia_2_1\" class=\"text_input is_email\" type=\"text\" id=\"avia_2_1\" value=\"\"  placeholder='E-Mail*'\/><\/p><p class='  first_form  form_element form_fullwidth' id='element_avia_3_1'><label for=\"avia_3_1\">Betreff <abbr class=\"required\" title=\"ben\u00f6tigt\">*<\/abbr><\/label> <input name=\"avia_3_1\" class=\"text_input is_empty\" type=\"text\" id=\"avia_3_1\" value=\"\"  placeholder='Betreff*'\/><\/p><p class='  first_form  form_element form_fullwidth' id='element_avia_4_1'><label for=\"avia_4_1\" class=\"textare_label hidden textare_label_avia_4_1\">Nachricht <abbr class=\"required\" title=\"ben\u00f6tigt\">*<\/abbr><\/label><textarea  placeholder='Nachricht*' name=\"avia_4_1\" class=\"text_area is_empty\" cols=\"40\" rows=\"7\" id=\"avia_4_1\" ><\/textarea><\/p><p class=\"hidden\"><input type=\"text\" name=\"avia_5_1\" class=\"hidden \" id=\"avia_5_1\" value=\"\" \/><\/p><div id='avia_6_1' class='av-recaptcha-area  first_form  form_element form_fullwidth '  data-container_class=\"\" data-custom_class=\"\" data-context=\"av_contact_form\" data-token_input=\"av_recaptcha_token\" data-version=\"avia_recaptcha_v2\" data-theme=\"light\" data-size=\"normal\" data-score=\"0.5\" data-text_to_preview=\"\" data-value=\"\"><div class=\"av-google-badge-message hidden\">Diese Seite wird durch reCAPTCHA gesch\u00fctzt und es gelten die Google <a href=\"https:\/\/policies.google.com\/privacy\">Datenschutzerkl\u00e4rungen<\/a> und <a href=\"https:\/\/policies.google.com\/terms\">Nutzungsbedingungen<\/a><\/div><\/div><p class=\"form_element \"><input type=\"hidden\" value=\"1\" name=\"avia_generated_form1\" \/><input type=\"submit\" value=\"Senden\" class=\"button\"  data-sending-label=\"Sende\"\/><\/p><\/fieldset><div class=\"avia-disabled-form\">Dieses Kontaktformular ist momentan deaktiviert, da Sie den Google reCAPTCHA-Service noch nicht akzeptiert haben. Dieser ist f\u00fcr die Validierung des Sendevorgangs jedoch notwendig<\/div><\/form><div id=\"ajaxresponse_1\" class=\"ajaxresponse ajaxresponse_1 hidden\"><\/div>\n<\/div><\/div><\/div><!-- close content main div --><\/div><\/div><div id='after_section_3'  class='main_color av_default_container_wrap container_wrap sidebar_right'  ><div class='container av-section-cont-open' ><div class='template-page content  av-content-small alpha units'><div class='post-entry post-entry-type-page post-entry-1039'><div class='entry-content-wrapper clearfix'><\/p>\n","protected":false},"excerpt":{"rendered":"","protected":false},"author":2,"featured_media":0,"parent":0,"menu_order":0,"comment_status":"closed","ping_status":"closed","template":"","meta":{"footnotes":""},"class_list":["post-1039","page","type-page","status-publish","hentry"],"_links":{"self":[{"href":"https:\/\/temel-fm.de\/index.php\/wp-json\/wp\/v2\/pages\/1039","targetHints":{"allow":["GET"]}}],"collection":[{"href":"https:\/\/temel-fm.de\/index.php\/wp-json\/wp\/v2\/pages"}],"about":[{"href":"https:\/\/temel-fm.de\/index.php\/wp-json\/wp\/v2\/types\/page"}],"author":[{"embeddable":true,"href":"https:\/\/temel-fm.de\/index.php\/wp-json\/wp\/v2\/users\/2"}],"replies":[{"embeddable":true,"href":"https:\/\/temel-fm.de\/index.php\/wp-json\/wp\/v2\/comments?post=1039"}],"version-history":[{"count":0,"href":"https:\/\/temel-fm.de\/index.php\/wp-json\/wp\/v2\/pages\/1039\/revisions"}],"wp:attachment":[{"href":"https:\/\/temel-fm.de\/index.php\/wp-json\/wp\/v2\/media?parent=1039"}],"curies":[{"name":"wp","href":"https:\/\/api.w.org\/{rel}","templated":true}]}}