{"id":1051,"date":"2025-02-10T09:37:28","date_gmt":"2025-02-10T08:37:28","guid":{"rendered":"https:\/\/temel-fm.de\/?page_id=1051"},"modified":"2025-02-12T15:41:16","modified_gmt":"2025-02-12T14:41:16","slug":"umwelt","status":"publish","type":"page","link":"https:\/\/temel-fm.de\/index.php\/umwelt\/","title":{"rendered":"Umwelt"},"content":{"rendered":"\n<style type=\"text\/css\" data-created_by=\"avia_inline_auto\" id=\"style-css-av-jivy63-37c3366dbbd7d4541e1f8354c44ee426\">\n.avia-section.av-jivy63-37c3366dbbd7d4541e1f8354c44ee426{\nbackground-color:#600003;\nbackground:linear-gradient( to top right, #600003, #ff2128 );\n}\n.avia-section.av-jivy63-37c3366dbbd7d4541e1f8354c44ee426 .av-extra-border-element .av-extra-border-inner{\nbackground-color:#ffffff;\n}\n<\/style>\n<div id='search_section'  class='avia-section av-jivy63-37c3366dbbd7d4541e1f8354c44ee426 main_color avia-section-default avia-no-shadow  avia-builder-el-0  el_before_av_section  avia-builder-el-first  avia-bg-style-scroll av-arrow-down-section container_wrap sidebar_right'  ><div class='container av-section-cont-open' ><main  role=\"main\" itemprop=\"mainContentOfPage\"  class='template-page content  av-content-small alpha units'><div class='post-entry post-entry-type-page post-entry-1051'><div class='entry-content-wrapper clearfix'>\n<div class='flex_column_table av-hxdouj-4da0c16cd3b42af08568c7765e2f525a sc-av_one_fourth av-equal-height-column-flextable'><div  class='flex_column av-hxdouj-4da0c16cd3b42af08568c7765e2f525a av_one_fourth  avia-builder-el-1  el_before_av_one_half  avia-builder-el-first  first flex_column_table_cell av-equal-height-column av-align-middle  '     ><style type=\"text\/css\" data-created_by=\"avia_inline_auto\" id=\"style-css-av-m6ysr7he-7e3754ce682d3fd9662c2aa571ea2cc0\">\n#top .av-special-heading.av-m6ysr7he-7e3754ce682d3fd9662c2aa571ea2cc0{\npadding-bottom:0;\ncolor:#ffffff;\nfont-size:42px;\n}\nbody .av-special-heading.av-m6ysr7he-7e3754ce682d3fd9662c2aa571ea2cc0 .av-special-heading-tag .heading-char{\nfont-size:25px;\n}\n#top #wrap_all .av-special-heading.av-m6ysr7he-7e3754ce682d3fd9662c2aa571ea2cc0 .av-special-heading-tag{\nfont-size:42px;\n}\n.av-special-heading.av-m6ysr7he-7e3754ce682d3fd9662c2aa571ea2cc0 .special-heading-inner-border{\nborder-color:#ffffff;\n}\n.av-special-heading.av-m6ysr7he-7e3754ce682d3fd9662c2aa571ea2cc0 .av-subheading{\nfont-size:14px;\n}\n\n@media only screen and (min-width: 480px) and (max-width: 767px){ \n#top #wrap_all .av-special-heading.av-m6ysr7he-7e3754ce682d3fd9662c2aa571ea2cc0 .av-special-heading-tag{\nfont-size:0.8em;\n}\n}\n\n@media only screen and (max-width: 479px){ \n#top #wrap_all .av-special-heading.av-m6ysr7he-7e3754ce682d3fd9662c2aa571ea2cc0 .av-special-heading-tag{\nfont-size:0.8em;\n}\n}\n<\/style>\n<div  class='av-special-heading av-m6ysr7he-7e3754ce682d3fd9662c2aa571ea2cc0 av-special-heading-h1 custom-color-heading blockquote modern-quote  avia-builder-el-2  avia-builder-el-no-sibling  av-inherit-size av-linked-heading'><h1 class='av-special-heading-tag '  itemprop=\"headline\"  >Unsere Verantwortung f\u00fcr die Umwelt<\/h1><div class=\"special-heading-border\"><div class=\"special-heading-inner-border\"><\/div><\/div><\/div><\/div><div class='av-flex-placeholder'><\/div><div  class='flex_column av-fawuaj-a3bd0b76e690ada3b887879a89ce157d av_one_half  avia-builder-el-3  el_after_av_one_fourth  el_before_av_one_third  flex_column_table_cell av-equal-height-column av-align-middle  '     ><style type=\"text\/css\" data-created_by=\"avia_inline_auto\" id=\"style-css-av-ea1gsr-f6801b1aaa1b5921a0728d5c86a86fc4\">\n#top .av_textblock_section.av-ea1gsr-f6801b1aaa1b5921a0728d5c86a86fc4 .avia_textblock{\ncolor:#ffffff;\n}\n<\/style>\n<section  class='av_textblock_section av-ea1gsr-f6801b1aaa1b5921a0728d5c86a86fc4 '   itemscope=\"itemscope\" itemtype=\"https:\/\/schema.org\/CreativeWork\" ><div class='avia_textblock av_inherit_color'  itemprop=\"text\" ><p><img loading=\"lazy\" decoding=\"async\" class=\"alignnone size-full wp-image-1012\" src=\"https:\/\/temel-fm.de\/wp-content\/uploads\/2025\/01\/Temel_Logo-lupe_w.png\" alt=\"\" width=\"595\" height=\"100\" srcset=\"https:\/\/temel-fm.de\/wp-content\/uploads\/2025\/01\/Temel_Logo-lupe_w.png 595w, https:\/\/temel-fm.de\/wp-content\/uploads\/2025\/01\/Temel_Logo-lupe_w-300x50.png 300w\" sizes=\"auto, (max-width: 595px) 100vw, 595px\" \/><\/p>\n<\/div><\/section><\/div><\/div><!--close column table wrapper. Autoclose: 1 --><div class='flex_column_table av-c5tc7v-d8f666e4eaa03b0763650b95c92ff026 sc-av_one_third av-equal-height-column-flextable'>\n<style type=\"text\/css\" data-created_by=\"avia_inline_auto\" id=\"style-css-av-c5tc7v-d8f666e4eaa03b0763650b95c92ff026\">\n.flex_column.av-c5tc7v-d8f666e4eaa03b0763650b95c92ff026{\nborder-radius:0px 0px 0px 0px;\npadding:0px 0px 0px 0px;\n}\n<\/style>\n<div  class='flex_column av-c5tc7v-d8f666e4eaa03b0763650b95c92ff026 av_one_third  avia-builder-el-5  el_after_av_one_half  el_before_av_two_third  first flex_column_table_cell av-equal-height-column av-align-middle av-zero-column-padding  column-top-margin'     ><section  class='av_textblock_section av-ac1sqj-c799345eed806c638d961a0636909ba2 '   itemscope=\"itemscope\" itemtype=\"https:\/\/schema.org\/CreativeWork\" ><div class='avia_textblock'  itemprop=\"text\" ><p><img loading=\"lazy\" decoding=\"async\" class=\"alignnone size-medium wp-image-785\" src=\"https:\/\/temel-fm.de\/wp-content\/uploads\/2025\/01\/logo_v4-1-300x188.png\" alt=\"\" width=\"300\" height=\"188\" srcset=\"https:\/\/temel-fm.de\/wp-content\/uploads\/2025\/01\/logo_v4-1-300x188.png 300w, https:\/\/temel-fm.de\/wp-content\/uploads\/2025\/01\/logo_v4-1.png 500w\" sizes=\"auto, (max-width: 300px) 100vw, 300px\" \/><\/p>\n<\/div><\/section><\/div><div class='av-flex-placeholder'><\/div>\n<style type=\"text\/css\" data-created_by=\"avia_inline_auto\" id=\"style-css-av-9bj2hn-86847b40aadf610cddc9bf33f1b285ce\">\n.flex_column.av-9bj2hn-86847b40aadf610cddc9bf33f1b285ce{\nborder-radius:0px 0px 0px 0px;\npadding:0px 0px 0px 0px;\n}\n<\/style>\n<div  class='flex_column av-9bj2hn-86847b40aadf610cddc9bf33f1b285ce av_two_third  avia-builder-el-7  el_after_av_one_third  avia-builder-el-last  flex_column_table_cell av-equal-height-column av-align-middle av-zero-column-padding  column-top-margin'     ><style type=\"text\/css\" data-created_by=\"avia_inline_auto\" id=\"style-css-av-m6ysrffq-0147b0b98f8664da082aed0c454c5b0d\">\n#top .av_textblock_section.av-m6ysrffq-0147b0b98f8664da082aed0c454c5b0d .avia_textblock{\ncolor:#ffffff;\n}\n<\/style>\n<section  class='av_textblock_section av-m6ysrffq-0147b0b98f8664da082aed0c454c5b0d '   itemscope=\"itemscope\" itemtype=\"https:\/\/schema.org\/CreativeWork\" ><div class='avia_textblock av_inherit_color'  itemprop=\"text\" ><h3><strong>Nachhaltige Reinigung &#038; umweltfreundliches Facility Management<\/strong><\/h3>\n<p>Bei <strong>TEMEL Facility Management<\/strong> setzen wir auf <strong>nachhaltige und umweltfreundliche Reinigungsmethoden<\/strong>, um unseren \u00f6kologischen Fu\u00dfabdruck so gering wie m\u00f6glich zu halten. Unsere Verantwortung gegen\u00fcber der Umwelt ist uns genauso wichtig wie die Zufriedenheit unserer Kunden.<\/p>\n<\/div><\/section><\/div><\/div><!--close column table wrapper. Autoclose: 1 -->\n\n<\/div><\/div><\/main><!-- close content main element --><\/div><div class='av-extra-border-element border-extra-arrow-down'><div class='av-extra-border-outer'><div class='av-extra-border-inner'><\/div><\/div><\/div><\/div>\n<style type=\"text\/css\" data-created_by=\"avia_inline_auto\" id=\"style-css-av-m6ysulbm-1bbfbf64055755e0471f0dc69bea0df8\">\n.avia-section.av-m6ysulbm-1bbfbf64055755e0471f0dc69bea0df8 .av-parallax .av-parallax-inner{\nbackground-repeat:no-repeat;\nbackground-image:url(https:\/\/temel-fm.de\/wp-content\/uploads\/2025\/02\/01.jpg);\nbackground-position:50% 50%;\nbackground-attachment:scroll;\n}\n<\/style>\n<div id='av_section_2'  class='avia-section av-m6ysulbm-1bbfbf64055755e0471f0dc69bea0df8 main_color avia-section-default avia-no-border-styling  avia-builder-el-9  el_after_av_section  el_before_av_section  avia-full-stretch av-parallax-section avia-bg-style-parallax av-minimum-height av-minimum-height-25 av-height-25  container_wrap sidebar_right'  data-section-bg-repeat='stretch' data-av_minimum_height_pc='25' data-av_min_height_opt='25'><div class='av-parallax' data-avia-parallax-ratio='0.3' ><div class='av-parallax-inner main_color avia-full-stretch'><\/div><\/div><div class='container av-section-cont-open' ><div class='template-page content  av-content-small alpha units'><div class='post-entry post-entry-type-page post-entry-1051'><div class='entry-content-wrapper clearfix'>\n\n<style type=\"text\/css\" data-created_by=\"avia_inline_auto\" id=\"style-css-av-m6ysvcqj-55b8d8ebe36810ca64e51ad20f014575\">\n#top .av-special-heading.av-m6ysvcqj-55b8d8ebe36810ca64e51ad20f014575{\npadding-bottom:0;\ncolor:#000000;\nfont-size:42px;\n}\nbody .av-special-heading.av-m6ysvcqj-55b8d8ebe36810ca64e51ad20f014575 .av-special-heading-tag .heading-char{\nfont-size:25px;\n}\n#top #wrap_all .av-special-heading.av-m6ysvcqj-55b8d8ebe36810ca64e51ad20f014575 .av-special-heading-tag{\nfont-size:42px;\n}\n.av-special-heading.av-m6ysvcqj-55b8d8ebe36810ca64e51ad20f014575 .special-heading-inner-border{\nborder-color:#000000;\n}\n.av-special-heading.av-m6ysvcqj-55b8d8ebe36810ca64e51ad20f014575 .av-subheading{\nfont-size:14px;\n}\n\n@media only screen and (min-width: 480px) and (max-width: 767px){ \n#top #wrap_all .av-special-heading.av-m6ysvcqj-55b8d8ebe36810ca64e51ad20f014575 .av-special-heading-tag{\nfont-size:0.8em;\n}\n}\n\n@media only screen and (max-width: 479px){ \n#top #wrap_all .av-special-heading.av-m6ysvcqj-55b8d8ebe36810ca64e51ad20f014575 .av-special-heading-tag{\nfont-size:0.8em;\n}\n}\n<\/style>\n<div  class='av-special-heading av-m6ysvcqj-55b8d8ebe36810ca64e51ad20f014575 av-special-heading-h1 custom-color-heading blockquote modern-quote modern-centered  avia-builder-el-10  avia-builder-el-no-sibling  av-inherit-size av-linked-heading'><h1 class='av-special-heading-tag '  itemprop=\"headline\"  >Unsere Verantwortung f\u00fcr die Umwelt<\/h1><div class=\"special-heading-border\"><div class=\"special-heading-inner-border\"><\/div><\/div><\/div>\n\n<\/div><\/div><\/div><!-- close content main div --><\/div><\/div><div id='av_section_3'  class='avia-section av-87dt63-b51f183f686bb246476ec13fd3f0e58c main_color avia-section-default avia-no-border-styling  avia-builder-el-11  el_after_av_section  avia-builder-el-last  avia-bg-style-scroll container_wrap sidebar_right'  ><div class='container av-section-cont-open' ><div class='template-page content  av-content-small alpha units'><div class='post-entry post-entry-type-page post-entry-1051'><div class='entry-content-wrapper clearfix'>\n<div  class='flex_column av-5jole3-e9106b5b7e28b942c48090018f7119bd av_one_half  avia-builder-el-12  el_before_av_one_half  avia-builder-el-first  first flex_column_div  '     ><section  class='av_textblock_section av-m6yssihk-d6c42e3d399e09dcaabe8d6b1f31d7a7 '   itemscope=\"itemscope\" itemtype=\"https:\/\/schema.org\/CreativeWork\" ><div class='avia_textblock'  itemprop=\"text\" ><h2><strong>Unsere Umweltma\u00dfnahmen:<\/strong><\/h2>\n<p>\u2705 <strong>Einsatz von umweltfreundlichen Reinigungsmitteln<\/strong> \u2013 Biologisch abbaubar &amp; schadstofffrei<br \/>\n\u2705 <strong>Wassersparende Reinigungstechniken<\/strong> \u2013 Effiziente Verfahren mit minimalem Wasserverbrauch<br \/>\n\u2705 <strong>Osmose-Technologie f\u00fcr Glas- &amp; Solaranlagen<\/strong> \u2013 Chemiefreie Reinigung mit reinem Wasser<br \/>\n\u2705 <strong>Energieeffiziente Maschinen &amp; Ger\u00e4te<\/strong> \u2013 Reduzierung des Energieverbrauchs<br \/>\n\u2705 <strong>M\u00fcllvermeidung &amp; Recycling<\/strong> \u2013 Nachhaltige Abfallentsorgung in allen Bereichen<\/p>\n<\/div><\/section><\/div><div  class='flex_column av-4uyw2j-5ced51586681479c8a56ad310a257884 av_one_half  avia-builder-el-14  el_after_av_one_half  el_before_av_textblock  flex_column_div  '     ><section  class='av_textblock_section av-1yaghn-51251fa52df2e1bcc8944d3180d1f9ae '   itemscope=\"itemscope\" itemtype=\"https:\/\/schema.org\/CreativeWork\" ><div class='avia_textblock'  itemprop=\"text\" ><h2><strong>Warum Nachhaltigkeit in der Reinigung wichtig ist?<\/strong><\/h2>\n<p>\ud83c\udf0d <strong>Schutz unserer Umwelt<\/strong> \u2013 Weniger Schadstoffe &#038; nachhaltiger Ressourceneinsatz<br \/>\n\ud83d\udca7 <strong>Wassereinsparung<\/strong> \u2013 Reduzierter Wasserverbrauch durch innovative Reinigungssysteme<br \/>\n\ud83d\udee1 <strong>Gesundheitsfreundliche Reinigung<\/strong> \u2013 Keine sch\u00e4dlichen Chemikalien f\u00fcr Mensch &#038; Natur<br \/>\n\u267b <strong>Zukunftsorientiertes Handeln<\/strong> \u2013 Nachhaltigkeit als Standard f\u00fcr Geb\u00e4udereinigung &#038; Facility Management<\/p>\n<\/div><\/section><\/div><section  class='av_textblock_section av-m6ystky5-7af07c11b5f53ec478afd293ac6f799c '   itemscope=\"itemscope\" itemtype=\"https:\/\/schema.org\/CreativeWork\" ><div class='avia_textblock'  itemprop=\"text\" ><h3 style=\"text-align: center;\"><strong>Unser Ziel: Sauberkeit mit Verantwortung!<\/strong><\/h3>\n<p style=\"text-align: center;\">Wir arbeiten kontinuierlich daran, unsere Prozesse noch nachhaltiger zu gestalten und unseren Beitrag zum Umweltschutz zu leisten.<\/p>\n<p style=\"text-align: center;\">\u00a0<strong>M\u00f6chten Sie mehr \u00fcber unsere nachhaltigen Reinigungskonzepte erfahren?<\/strong> Kontaktieren Sie uns f\u00fcr weitere Informationen!<\/p>\n<\/div><\/section>\n<\/div><\/div><\/div><!-- close content main div --><\/div><\/div><div id='after_section_3'  class='main_color av_default_container_wrap container_wrap sidebar_right'  ><div class='container av-section-cont-open' ><div class='template-page content  av-content-small alpha units'><div class='post-entry post-entry-type-page post-entry-1051'><div class='entry-content-wrapper clearfix'>\n","protected":false},"excerpt":{"rendered":"","protected":false},"author":2,"featured_media":0,"parent":0,"menu_order":0,"comment_status":"closed","ping_status":"closed","template":"","meta":{"footnotes":""},"class_list":["post-1051","page","type-page","status-publish","hentry"],"_links":{"self":[{"href":"https:\/\/temel-fm.de\/index.php\/wp-json\/wp\/v2\/pages\/1051","targetHints":{"allow":["GET"]}}],"collection":[{"href":"https:\/\/temel-fm.de\/index.php\/wp-json\/wp\/v2\/pages"}],"about":[{"href":"https:\/\/temel-fm.de\/index.php\/wp-json\/wp\/v2\/types\/page"}],"author":[{"embeddable":true,"href":"https:\/\/temel-fm.de\/index.php\/wp-json\/wp\/v2\/users\/2"}],"replies":[{"embeddable":true,"href":"https:\/\/temel-fm.de\/index.php\/wp-json\/wp\/v2\/comments?post=1051"}],"version-history":[{"count":0,"href":"https:\/\/temel-fm.de\/index.php\/wp-json\/wp\/v2\/pages\/1051\/revisions"}],"wp:attachment":[{"href":"https:\/\/temel-fm.de\/index.php\/wp-json\/wp\/v2\/media?parent=1051"}],"curies":[{"name":"wp","href":"https:\/\/api.w.org\/{rel}","templated":true}]}}