{"id":830,"date":"2025-01-09T12:25:13","date_gmt":"2025-01-09T11:25:13","guid":{"rendered":"https:\/\/temel-fm.de\/?page_id=830"},"modified":"2025-02-10T09:02:32","modified_gmt":"2025-02-10T08:02:32","slug":"unternehmen","status":"publish","type":"page","link":"https:\/\/temel-fm.de\/index.php\/unternehmen\/","title":{"rendered":"Unternehmen"},"content":{"rendered":"\n<style type=\"text\/css\" data-created_by=\"avia_inline_auto\" id=\"style-css-av-cmp19n-75c0d037b12a0f21df2befd49ae32442\">\n.avia-section.av-cmp19n-75c0d037b12a0f21df2befd49ae32442{\nbackground-color:#600003;\nbackground:linear-gradient( to top right, #600003, #ff2128 );\n}\n.avia-section.av-cmp19n-75c0d037b12a0f21df2befd49ae32442 .av-extra-border-element .av-extra-border-inner{\nbackground-color:#ffffff;\n}\n<\/style>\n<div id='search_section'  class='avia-section av-cmp19n-75c0d037b12a0f21df2befd49ae32442 main_color avia-section-default avia-no-shadow  avia-builder-el-0  el_before_av_layout_row  avia-builder-el-first  avia-bg-style-scroll av-arrow-down-section container_wrap sidebar_right'  ><div class='container av-section-cont-open' ><main  role=\"main\" itemprop=\"mainContentOfPage\"  class='template-page content  av-content-small alpha units'><div class='post-entry post-entry-type-page post-entry-830'><div class='entry-content-wrapper clearfix'>\n<div class='flex_column_table av-dbaej-e5a1ba348343c29541d43de4046b5fd1 sc-av_one_third av-equal-height-column-flextable'><div  class='flex_column av-dbaej-e5a1ba348343c29541d43de4046b5fd1 av_one_third  avia-builder-el-1  el_before_av_three_fifth  avia-builder-el-first  first flex_column_table_cell av-equal-height-column av-align-middle  '     ><p>\n<style type=\"text\/css\" data-created_by=\"avia_inline_auto\" id=\"style-css-av-m5p4lyz7-d88c075fa6a73e6d08bcd67eab10b492\">\n#top .hr.hr-invisible.av-m5p4lyz7-d88c075fa6a73e6d08bcd67eab10b492{\nheight:20px;\n}\n<\/style>\n<div  class='hr av-m5p4lyz7-d88c075fa6a73e6d08bcd67eab10b492 hr-invisible  avia-builder-el-2  el_before_av_heading  avia-builder-el-first '><span class='hr-inner '><span class=\"hr-inner-style\"><\/span><\/span><\/div><br \/>\n\n<style type=\"text\/css\" data-created_by=\"avia_inline_auto\" id=\"style-css-av-cfgg3f-cc045092167442c47d827789939e667a\">\n#top .av-special-heading.av-cfgg3f-cc045092167442c47d827789939e667a{\npadding-bottom:0;\ncolor:#ffffff;\nfont-size:42px;\n}\nbody .av-special-heading.av-cfgg3f-cc045092167442c47d827789939e667a .av-special-heading-tag .heading-char{\nfont-size:25px;\n}\n#top #wrap_all .av-special-heading.av-cfgg3f-cc045092167442c47d827789939e667a .av-special-heading-tag{\nfont-size:42px;\n}\n.av-special-heading.av-cfgg3f-cc045092167442c47d827789939e667a .special-heading-inner-border{\nborder-color:#ffffff;\n}\n.av-special-heading.av-cfgg3f-cc045092167442c47d827789939e667a .av-subheading{\nfont-size:14px;\n}\n\n@media only screen and (min-width: 480px) and (max-width: 767px){ \n#top #wrap_all .av-special-heading.av-cfgg3f-cc045092167442c47d827789939e667a .av-special-heading-tag{\nfont-size:0.8em;\n}\n}\n\n@media only screen and (max-width: 479px){ \n#top #wrap_all .av-special-heading.av-cfgg3f-cc045092167442c47d827789939e667a .av-special-heading-tag{\nfont-size:0.8em;\n}\n}\n<\/style>\n<div  class='av-special-heading av-cfgg3f-cc045092167442c47d827789939e667a av-special-heading-h1 custom-color-heading blockquote modern-quote  avia-builder-el-3  el_after_av_hr  avia-builder-el-last  av-inherit-size av-linked-heading'><h1 class='av-special-heading-tag '  itemprop=\"headline\"  >TEMEL Facility Management GmbH<\/h1><div class=\"special-heading-border\"><div class=\"special-heading-inner-border\"><\/div><\/div><\/div><\/p><\/div><div class='av-flex-placeholder'><\/div><div  class='flex_column av-2ozv-d154a4d9647d207e7dde185cf643e821 av_three_fifth  avia-builder-el-4  el_after_av_one_third  el_before_av_one_half  flex_column_table_cell av-equal-height-column av-align-middle  '     ><style type=\"text\/css\" data-created_by=\"avia_inline_auto\" id=\"style-css-av-m6b0agyp-9330e8483ed95b6abb467b75d54e3f2a\">\n#top .av_textblock_section.av-m6b0agyp-9330e8483ed95b6abb467b75d54e3f2a .avia_textblock{\ncolor:#ffffff;\n}\n<\/style>\n<section  class='av_textblock_section av-m6b0agyp-9330e8483ed95b6abb467b75d54e3f2a '   itemscope=\"itemscope\" itemtype=\"https:\/\/schema.org\/CreativeWork\" ><div class='avia_textblock av_inherit_color'  itemprop=\"text\" ><p><img loading=\"lazy\" decoding=\"async\" class=\"alignnone size-full wp-image-1012\" src=\"https:\/\/temel-fm.de\/wp-content\/uploads\/2025\/01\/Temel_Logo-lupe_w.png\" alt=\"\" width=\"595\" height=\"100\" srcset=\"https:\/\/temel-fm.de\/wp-content\/uploads\/2025\/01\/Temel_Logo-lupe_w.png 595w, https:\/\/temel-fm.de\/wp-content\/uploads\/2025\/01\/Temel_Logo-lupe_w-300x50.png 300w\" sizes=\"auto, (max-width: 595px) 100vw, 595px\" \/><\/p>\n<\/div><\/section><\/div><\/div><!--close column table wrapper. Autoclose: 1 --><div  class='flex_column av-dl6yl-8c5ee8fc1c89c3ef237d4a7cb7f7afc2 av_one_half  avia-builder-el-6  el_after_av_three_fifth  el_before_av_one_half  first flex_column_div  '     ><style type=\"text\/css\" data-created_by=\"avia_inline_auto\" id=\"style-css-av-6ixshf-dab43517d5d0731764749f1182537fad\">\n#top .av_textblock_section.av-6ixshf-dab43517d5d0731764749f1182537fad .avia_textblock{\ncolor:#ffffff;\n}\n<\/style>\n<section  class='av_textblock_section av-6ixshf-dab43517d5d0731764749f1182537fad '   itemscope=\"itemscope\" itemtype=\"https:\/\/schema.org\/CreativeWork\" ><div class='avia_textblock av_inherit_color'  itemprop=\"text\" ><p>Gegr\u00fcndet wurde unser Unternehmen im Jahre 2005 und hat sich in den vergangenen Jahren<br \/>\nhin zu einem Universaldienst-leister im Geb\u00e4ude-Management entwickelt.<\/p>\n<p>Ein Fachbetrieb zu sein ist heute keine Selbstverst\u00e4ndlichkeit mehr und f\u00fcr uns als Unternehmen umso<br \/>\nmehr eine Verpflichtung, unseren hohen Qualit\u00e4tsstandard zu erf\u00fcllen und weiter auszubauen.<\/p>\n<\/div><\/section><\/div><div  class='flex_column av-bietx-1be2adc488b3e83a3d386a6ecdb1e8e1 av_one_half  avia-builder-el-8  el_after_av_one_half  avia-builder-el-last  flex_column_div  '     ><style type=\"text\/css\" data-created_by=\"avia_inline_auto\" id=\"style-css-av-m5p7hk19-0702bfe04f3f64050ff1d62ed248674e\">\n#top .av_textblock_section.av-m5p7hk19-0702bfe04f3f64050ff1d62ed248674e .avia_textblock{\ncolor:#ffffff;\n}\n<\/style>\n<section  class='av_textblock_section av-m5p7hk19-0702bfe04f3f64050ff1d62ed248674e '   itemscope=\"itemscope\" itemtype=\"https:\/\/schema.org\/CreativeWork\" ><div class='avia_textblock av_inherit_color'  itemprop=\"text\" ><p>Das Temel Team setzt sich aus professionell agierenden und hoch motivierten Mitarbeitern zusammen, die unseren Kunden einen jederzeit abrufbaren Service in allen wichtigen Bereichen rund um das Geb\u00e4ude-Management schnell und zuverl\u00e4ssig bieten. Durch den Einsatz modernster Maschinen und Techniken sind wir in k\u00fcrzester Zeit in der Lage, alle unsere angebotenen Dienstleistungen auszu\u00fcben. Mit unserem Unternehmen finden Sie mit Sicherheit die passenden L\u00f6sungen f\u00fcr alle Probleme rund um Ihre Immobilie, Ihren Gesch\u00e4ftsraumen, Fabrikationsst\u00e4tten oder auch Privatr\u00e4umen.<\/p>\n<p><strong>Unser Service-Team steht Ihnen jederzeit zur Verg\u00fcgung.<\/strong><\/p>\n<\/div><\/section><\/div>\n\n<\/div><\/div><\/main><!-- close content main element --><\/div><div class='av-extra-border-element border-extra-arrow-down'><div class='av-extra-border-outer'><div class='av-extra-border-inner'><\/div><\/div><\/div><\/div><div id='av-layout-grid-1'  class='av-layout-grid-container av-2r5djy-2122dc141a5ac6260466e4299d20ed1d entry-content-wrapper main_color av-flex-cells  avia-builder-el-10  el_after_av_section  avia-builder-el-last  grid-row-not-first  container_wrap sidebar_right'  >\n\n<style type=\"text\/css\" data-created_by=\"avia_inline_auto\" id=\"style-css-av-2lvioe-f9346682601ff05ced3e28a224d96bdc\">\n.flex_cell.av-2lvioe-f9346682601ff05ced3e28a224d96bdc{\nvertical-align:top;\nheight:430px;\nmin-height:430px;\nbackground:url(https:\/\/temel-fm.de\/wp-content\/uploads\/2025\/01\/03-temel-fm.jpg) 0% 50% no-repeat scroll ;\n}\n.responsive #top #wrap_all .flex_cell.av-2lvioe-f9346682601ff05ced3e28a224d96bdc{\npadding:30px 30px 30px 30px !important;\n}\n<\/style>\n<div class='flex_cell av-2lvioe-f9346682601ff05ced3e28a224d96bdc av-gridrow-cell av_one_half no_margin  avia-builder-el-11  el_before_av_cell_one_half  avia-builder-el-first  content-align-top avia-full-stretch'  ><div class='flex_cell_inner'><\/div><\/div>\n<style type=\"text\/css\" data-created_by=\"avia_inline_auto\" id=\"style-css-av-2em0bq-a103895f33104c883fdaff3c5e630b36\">\n.flex_cell.av-2em0bq-a103895f33104c883fdaff3c5e630b36{\nvertical-align:middle;\nheight:430px;\nmin-height:430px;\nbackground-color:#f5f5f5;\n}\n.responsive #top #wrap_all .flex_cell.av-2em0bq-a103895f33104c883fdaff3c5e630b36{\npadding:30px 100px 30px 100px !important;\n}\n<\/style>\n<div class='flex_cell av-2em0bq-a103895f33104c883fdaff3c5e630b36 av-gridrow-cell av_one_half no_margin  avia-builder-el-12  el_after_av_cell_one_half  avia-builder-el-last  content-align-middle'  ><div class='flex_cell_inner'><p>\n<style type=\"text\/css\" data-created_by=\"avia_inline_auto\" id=\"style-css-av-2b0him-a378fa074591218e5a0e5def9444f314\">\n#top .hr.hr-invisible.av-2b0him-a378fa074591218e5a0e5def9444f314{\nheight:50px;\n}\n<\/style>\n<div  class='hr av-2b0him-a378fa074591218e5a0e5def9444f314 hr-invisible  avia-builder-el-13  el_before_av_heading  avia-builder-el-first '><span class='hr-inner '><span class=\"hr-inner-style\"><\/span><\/span><\/div><br \/>\n\n<style type=\"text\/css\" data-created_by=\"avia_inline_auto\" id=\"style-css-av-24ioum-37bdd5d4a2eb9ed4daca4a878a5f3f91\">\n#top .av-special-heading.av-24ioum-37bdd5d4a2eb9ed4daca4a878a5f3f91{\npadding-bottom:10px;\nfont-size:30px;\n}\nbody .av-special-heading.av-24ioum-37bdd5d4a2eb9ed4daca4a878a5f3f91 .av-special-heading-tag .heading-char{\nfont-size:25px;\n}\n#top #wrap_all .av-special-heading.av-24ioum-37bdd5d4a2eb9ed4daca4a878a5f3f91 .av-special-heading-tag{\nfont-size:30px;\n}\n.av-special-heading.av-24ioum-37bdd5d4a2eb9ed4daca4a878a5f3f91 .av-subheading{\nfont-size:15px;\n}\n\n@media only screen and (min-width: 480px) and (max-width: 767px){ \n#top #wrap_all .av-special-heading.av-24ioum-37bdd5d4a2eb9ed4daca4a878a5f3f91 .av-special-heading-tag{\nfont-size:0.8em;\n}\n}\n\n@media only screen and (max-width: 479px){ \n#top #wrap_all .av-special-heading.av-24ioum-37bdd5d4a2eb9ed4daca4a878a5f3f91 .av-special-heading-tag{\nfont-size:0.8em;\n}\n}\n<\/style>\n<div  class='av-special-heading av-24ioum-37bdd5d4a2eb9ed4daca4a878a5f3f91 av-special-heading-h1 blockquote modern-quote  avia-builder-el-14  el_after_av_hr  el_before_av_textblock  av-inherit-size av-linked-heading'><h1 class='av-special-heading-tag '  itemprop=\"headline\"  >Ihre Vorteile bei der TEMEL Facility Management GmbH<\/h1><div class=\"special-heading-border\"><div class=\"special-heading-inner-border\"><\/div><\/div><\/div><br \/>\n<section  class='av_textblock_section av-1xaqtq-cf77c5c9c18d51cc842afd3c7a7917d4 '   itemscope=\"itemscope\" itemtype=\"https:\/\/schema.org\/CreativeWork\" ><div class='avia_textblock'  itemprop=\"text\" ><h3><\/h3>\n<p>&#8222;Mit der TEMEL Facility Management GmbH profitieren Sie von einem zuverl\u00e4ssigen Partner, der auf Qualit\u00e4t, Flexibilit\u00e4t und Kundenzufriedenheit setzt. Unsere Leistungen sind individuell auf Ihre Bed\u00fcrfnisse zugeschnitten \u2013 von der Geb\u00e4udereinigung \u00fcber den Winterdienst bis hin zur Gartenpflege.<\/p>\n<p><strong>Ihre Vorteile auf einen Blick:<\/strong><\/p>\n<\/div><\/section><br \/>\n\n<style type=\"text\/css\" data-created_by=\"avia_inline_auto\" id=\"style-css-av-1szp1a-b545ba203c0d52ec053fe178ee9433a9\">\n#top .avia-icon-list-container.av-1szp1a-b545ba203c0d52ec053fe178ee9433a9 .iconlist_icon{\ncolor:#c41a1a;\nbackground-color:#f8f8f8;\nfont-size:20px;\n}\n#top .avia-icon-list-container.av-1szp1a-b545ba203c0d52ec053fe178ee9433a9 .iconlist_icon svg:first-child{\nstroke:#c41a1a;\nfill:#c41a1a;\nheight:20px;\nwidth:20px;\n}\n#top #wrap_all .avia-icon-list-container.av-1szp1a-b545ba203c0d52ec053fe178ee9433a9 .av_iconlist_title{\nfont-size:20px;\ncolor:#000000;\n}\n.avia-icon-list-container.av-1szp1a-b545ba203c0d52ec053fe178ee9433a9 .iconlist_content{\ncolor:#000000;\n}\n<\/style>\n<div  class='avia-icon-list-container av-1szp1a-b545ba203c0d52ec053fe178ee9433a9  avia-builder-el-16  el_after_av_textblock  el_before_av_textblock '><ul class='avia-icon-list avia_animate_when_almost_visible avia-icon-list-left av-iconlist-small av-1szp1a-b545ba203c0d52ec053fe178ee9433a9 avia-iconlist-animate'>\n<li><div class='iconlist_icon av-1isrxi-946ec272f15398bb368ac12d14c71c4a avia-font-entypo-fontello avia-iconfont avia-font-entypo-fontello'><span class='av-icon-char' data-av_icon='\ue818' data-av_iconfont='entypo-fontello' aria-hidden=\"true\"><\/span><\/div><article class=\"article-icon-entry \"  itemscope=\"itemscope\" itemtype=\"https:\/\/schema.org\/CreativeWork\" ><div class=\"iconlist_content_wrap\"><header class=\"entry-content-header\" aria-label=\"Icon: Zuverl\u00e4ssigkeit:\"><div class='av_iconlist_title iconlist_title_small  av_inherit_color'  itemprop=\"headline\" >Zuverl\u00e4ssigkeit:<\/div><\/header><div class='iconlist_content av_inherit_color'  itemprop=\"text\" ><p>P\u00fcnktliche und pr\u00e4zise Ausf\u00fchrung aller Arbeiten.<\/p>\n<\/div><\/div><footer class=\"entry-footer\"><\/footer><\/article><div class=\"iconlist-timeline\"><\/div><\/li>\n<li><div class='iconlist_icon av-4yyrq-349dfe34782a044dd6dfe800651e3b0c avia-font-entypo-fontello avia-iconfont avia-font-entypo-fontello'><span class='av-icon-char' data-av_icon='\ue818' data-av_iconfont='entypo-fontello' aria-hidden=\"true\"><\/span><\/div><article class=\"article-icon-entry \"  itemscope=\"itemscope\" itemtype=\"https:\/\/schema.org\/CreativeWork\" ><div class=\"iconlist_content_wrap\"><header class=\"entry-content-header\" aria-label=\"Icon: Kompetenz:\"><div class='av_iconlist_title iconlist_title_small  av_inherit_color'  itemprop=\"headline\" >Kompetenz:<\/div><\/header><div class='iconlist_content av_inherit_color'  itemprop=\"text\" ><p>Ein erfahrenes Team mit Fachwissen in allen Bereichen des Facility Managements.<\/p>\n<\/div><\/div><footer class=\"entry-footer\"><\/footer><\/article><div class=\"iconlist-timeline\"><\/div><\/li>\n<li><div class='iconlist_icon av-17b69q-127d4b54614c0c07f09fabe5536a6f69 avia-font-entypo-fontello avia-iconfont avia-font-entypo-fontello'><span class='av-icon-char' data-av_icon='\ue818' data-av_iconfont='entypo-fontello' aria-hidden=\"true\"><\/span><\/div><article class=\"article-icon-entry \"  itemscope=\"itemscope\" itemtype=\"https:\/\/schema.org\/CreativeWork\" ><div class=\"iconlist_content_wrap\"><header class=\"entry-content-header\" aria-label=\"Icon: Flexibilit\u00e4t:\"><div class='av_iconlist_title iconlist_title_small  av_inherit_color'  itemprop=\"headline\" >Flexibilit\u00e4t:<\/div><\/header><div class='iconlist_content av_inherit_color'  itemprop=\"text\" ><p>Individuelle L\u00f6sungen und schnelle Reaktion auf Ihre Anforderungen.<\/p>\n<\/div><\/div><footer class=\"entry-footer\"><\/footer><\/article><div class=\"iconlist-timeline\"><\/div><\/li>\n<li><div class='iconlist_icon av-1178ty-53969517c29426df34cc6010ea8e44db avia-font-entypo-fontello avia-iconfont avia-font-entypo-fontello'><span class='av-icon-char' data-av_icon='\ue818' data-av_iconfont='entypo-fontello' aria-hidden=\"true\"><\/span><\/div><article class=\"article-icon-entry \"  itemscope=\"itemscope\" itemtype=\"https:\/\/schema.org\/CreativeWork\" ><div class=\"iconlist_content_wrap\"><header class=\"entry-content-header\" aria-label=\"Icon: Nachhaltigkeit:\"><div class='av_iconlist_title iconlist_title_small  av_inherit_color'  itemprop=\"headline\" >Nachhaltigkeit:<\/div><\/header><div class='iconlist_content av_inherit_color'  itemprop=\"text\" ><p>Einsatz umweltfreundlicher Reinigungsmittel und moderner Technologien.<\/p>\n<\/div><\/div><footer class=\"entry-footer\"><\/footer><\/article><div class=\"iconlist-timeline\"><\/div><\/li>\n<li><div class='iconlist_icon av-qgyyu-8ed1e9c4edf4608d9103b68320d0931c avia-font-entypo-fontello avia-iconfont avia-font-entypo-fontello'><span class='av-icon-char' data-av_icon='\ue818' data-av_iconfont='entypo-fontello' aria-hidden=\"true\"><\/span><\/div><article class=\"article-icon-entry \"  itemscope=\"itemscope\" itemtype=\"https:\/\/schema.org\/CreativeWork\" ><div class=\"iconlist_content_wrap\"><header class=\"entry-content-header\" aria-label=\"Icon: Kostenkontrolle:\"><div class='av_iconlist_title iconlist_title_small  av_inherit_color'  itemprop=\"headline\" >Kostenkontrolle:<\/div><\/header><div class='iconlist_content av_inherit_color'  itemprop=\"text\" ><p>Transparente Preisgestaltung ohne versteckte Kosten.<\/p>\n<\/div><\/div><footer class=\"entry-footer\"><\/footer><\/article><div class=\"iconlist-timeline\"><\/div><\/li>\n<li><div class='iconlist_icon av-nf0mu-3784c56b27bc81ee1e0542448996c610 avia-font-entypo-fontello avia-iconfont avia-font-entypo-fontello'><span class='av-icon-char' data-av_icon='\ue818' data-av_iconfont='entypo-fontello' aria-hidden=\"true\"><\/span><\/div><article class=\"article-icon-entry \"  itemscope=\"itemscope\" itemtype=\"https:\/\/schema.org\/CreativeWork\" ><div class=\"iconlist_content_wrap\"><header class=\"entry-content-header\" aria-label=\"Icon: Rundum-Service:\"><div class='av_iconlist_title iconlist_title_small  av_inherit_color'  itemprop=\"headline\" >Rundum-Service:<\/div><\/header><div class='iconlist_content av_inherit_color'  itemprop=\"text\" ><p>Alles aus einer Hand \u2013 f\u00fcr Innen- und Au\u00dfenbereiche.<\/p>\n<\/div><\/div><footer class=\"entry-footer\"><\/footer><\/article><div class=\"iconlist-timeline\"><\/div><\/li>\n<\/ul><\/div><br \/>\n<section  class='av_textblock_section av-g3mdq-f7fee11d31cb8192d9a4d52c58afe61b '   itemscope=\"itemscope\" itemtype=\"https:\/\/schema.org\/CreativeWork\" ><div class='avia_textblock'  itemprop=\"text\" ><p>Verlassen Sie sich auf TEMEL Facility Management GmbH, um Ihr Objekt stets in bestem Zustand zu halten und Zeit f\u00fcr die wichtigen Dinge zu gewinnen.<\/p>\n<\/div><\/section><br \/>\n\n<style type=\"text\/css\" data-created_by=\"avia_inline_auto\" id=\"style-css-av-qice-1ffdfd796afb4cdd1642768ae07ca436\">\n#top .hr.hr-invisible.av-qice-1ffdfd796afb4cdd1642768ae07ca436{\nheight:50px;\n}\n<\/style>\n<div  class='hr av-qice-1ffdfd796afb4cdd1642768ae07ca436 hr-invisible  avia-builder-el-18  el_after_av_textblock  avia-builder-el-last '><span class='hr-inner '><span class=\"hr-inner-style\"><\/span><\/span><\/div><\/p>\n<\/div><\/div><\/div>\n","protected":false},"excerpt":{"rendered":"","protected":false},"author":2,"featured_media":0,"parent":0,"menu_order":0,"comment_status":"closed","ping_status":"closed","template":"","meta":{"footnotes":""},"class_list":["post-830","page","type-page","status-publish","hentry"],"_links":{"self":[{"href":"https:\/\/temel-fm.de\/index.php\/wp-json\/wp\/v2\/pages\/830","targetHints":{"allow":["GET"]}}],"collection":[{"href":"https:\/\/temel-fm.de\/index.php\/wp-json\/wp\/v2\/pages"}],"about":[{"href":"https:\/\/temel-fm.de\/index.php\/wp-json\/wp\/v2\/types\/page"}],"author":[{"embeddable":true,"href":"https:\/\/temel-fm.de\/index.php\/wp-json\/wp\/v2\/users\/2"}],"replies":[{"embeddable":true,"href":"https:\/\/temel-fm.de\/index.php\/wp-json\/wp\/v2\/comments?post=830"}],"version-history":[{"count":0,"href":"https:\/\/temel-fm.de\/index.php\/wp-json\/wp\/v2\/pages\/830\/revisions"}],"wp:attachment":[{"href":"https:\/\/temel-fm.de\/index.php\/wp-json\/wp\/v2\/media?parent=830"}],"curies":[{"name":"wp","href":"https:\/\/api.w.org\/{rel}","templated":true}]}}