{"id":844,"date":"2025-01-10T10:07:01","date_gmt":"2025-01-10T09:07:01","guid":{"rendered":"https:\/\/temel-fm.de\/?page_id=844"},"modified":"2025-02-10T09:22:23","modified_gmt":"2025-02-10T08:22:23","slug":"kontakt","status":"publish","type":"page","link":"https:\/\/temel-fm.de\/index.php\/kontakt\/","title":{"rendered":"Kontakt"},"content":{"rendered":"\n<style type=\"text\/css\" data-created_by=\"avia_inline_auto\" id=\"style-css-av-cmp19n-75c0d037b12a0f21df2befd49ae32442\">\n.avia-section.av-cmp19n-75c0d037b12a0f21df2befd49ae32442{\nbackground-color:#600003;\nbackground:linear-gradient( to top right, #600003, #ff2128 );\n}\n.avia-section.av-cmp19n-75c0d037b12a0f21df2befd49ae32442 .av-extra-border-element .av-extra-border-inner{\nbackground-color:#ffffff;\n}\n<\/style>\n<div id='search_section'  class='avia-section av-cmp19n-75c0d037b12a0f21df2befd49ae32442 main_color avia-section-default avia-no-shadow  avia-builder-el-0  el_before_av_layout_row  avia-builder-el-first  avia-bg-style-scroll av-arrow-down-section container_wrap sidebar_right'  ><div class='container av-section-cont-open' ><main  role=\"main\" itemprop=\"mainContentOfPage\"  class='template-page content  av-content-small alpha units'><div class='post-entry post-entry-type-page post-entry-844'><div class='entry-content-wrapper clearfix'>\n<div class='flex_column_table av-dbaej-e5a1ba348343c29541d43de4046b5fd1 sc-av_one_fourth av-equal-height-column-flextable'><div  class='flex_column av-dbaej-e5a1ba348343c29541d43de4046b5fd1 av_one_fourth  avia-builder-el-1  el_before_av_one_half  avia-builder-el-first  first flex_column_table_cell av-equal-height-column av-align-middle  '     ><style type=\"text\/css\" data-created_by=\"avia_inline_auto\" id=\"style-css-av-cfgg3f-b8b82cf496da9adab29495c900adb2df\">\n#top .av-special-heading.av-cfgg3f-b8b82cf496da9adab29495c900adb2df{\npadding-bottom:0;\ncolor:#ffffff;\nfont-size:42px;\n}\nbody .av-special-heading.av-cfgg3f-b8b82cf496da9adab29495c900adb2df .av-special-heading-tag .heading-char{\nfont-size:25px;\n}\n#top #wrap_all .av-special-heading.av-cfgg3f-b8b82cf496da9adab29495c900adb2df .av-special-heading-tag{\nfont-size:42px;\n}\n.av-special-heading.av-cfgg3f-b8b82cf496da9adab29495c900adb2df .special-heading-inner-border{\nborder-color:#ffffff;\n}\n.av-special-heading.av-cfgg3f-b8b82cf496da9adab29495c900adb2df .av-subheading{\nfont-size:14px;\n}\n\n@media only screen and (min-width: 480px) and (max-width: 767px){ \n#top #wrap_all .av-special-heading.av-cfgg3f-b8b82cf496da9adab29495c900adb2df .av-special-heading-tag{\nfont-size:0.8em;\n}\n}\n\n@media only screen and (max-width: 479px){ \n#top #wrap_all .av-special-heading.av-cfgg3f-b8b82cf496da9adab29495c900adb2df .av-special-heading-tag{\nfont-size:0.8em;\n}\n}\n<\/style>\n<div  class='av-special-heading av-cfgg3f-b8b82cf496da9adab29495c900adb2df av-special-heading-h1 custom-color-heading blockquote modern-quote  avia-builder-el-2  avia-builder-el-no-sibling  av-inherit-size av-linked-heading'><h1 class='av-special-heading-tag '  itemprop=\"headline\"  >Kontakt<\/h1><div class=\"special-heading-border\"><div class=\"special-heading-inner-border\"><\/div><\/div><\/div><\/div><div class='av-flex-placeholder'><\/div><div  class='flex_column av-2ozv-eca788839a4905a9245a9f3b690003ac av_one_half  avia-builder-el-3  el_after_av_one_fourth  el_before_av_one_third  flex_column_table_cell av-equal-height-column av-align-middle  '     ><style type=\"text\/css\" data-created_by=\"avia_inline_auto\" id=\"style-css-av-m6b0dfnu-4e0b1f34b168d085d5e48e6ea32f52f8\">\n#top .av_textblock_section.av-m6b0dfnu-4e0b1f34b168d085d5e48e6ea32f52f8 .avia_textblock{\ncolor:#ffffff;\n}\n<\/style>\n<section  class='av_textblock_section av-m6b0dfnu-4e0b1f34b168d085d5e48e6ea32f52f8 '   itemscope=\"itemscope\" itemtype=\"https:\/\/schema.org\/CreativeWork\" ><div class='avia_textblock av_inherit_color'  itemprop=\"text\" ><p><img loading=\"lazy\" decoding=\"async\" class=\"alignnone size-full wp-image-1012\" src=\"https:\/\/temel-fm.de\/wp-content\/uploads\/2025\/01\/Temel_Logo-lupe_w.png\" alt=\"\" width=\"595\" height=\"100\" srcset=\"https:\/\/temel-fm.de\/wp-content\/uploads\/2025\/01\/Temel_Logo-lupe_w.png 595w, https:\/\/temel-fm.de\/wp-content\/uploads\/2025\/01\/Temel_Logo-lupe_w-300x50.png 300w\" sizes=\"auto, (max-width: 595px) 100vw, 595px\" \/><\/p>\n<\/div><\/section><\/div><\/div><!--close column table wrapper. Autoclose: 1 --><div class='flex_column_table av-jv3pg-80940d933c2cce9d6a6793e0a8ec6647 sc-av_one_third av-equal-height-column-flextable'>\n<style type=\"text\/css\" data-created_by=\"avia_inline_auto\" id=\"style-css-av-jv3pg-80940d933c2cce9d6a6793e0a8ec6647\">\n.flex_column.av-jv3pg-80940d933c2cce9d6a6793e0a8ec6647{\nborder-radius:0px 0px 0px 0px;\npadding:0px 0px 0px 0px;\n}\n<\/style>\n<div  class='flex_column av-jv3pg-80940d933c2cce9d6a6793e0a8ec6647 av_one_third  avia-builder-el-5  el_after_av_one_half  el_before_av_two_third  first flex_column_table_cell av-equal-height-column av-align-middle av-zero-column-padding  column-top-margin'     ><section  class='av_textblock_section av-anb9g-e1dad2353e74215a8a17edd069c3263b '   itemscope=\"itemscope\" itemtype=\"https:\/\/schema.org\/CreativeWork\" ><div class='avia_textblock'  itemprop=\"text\" ><p><img loading=\"lazy\" decoding=\"async\" class=\"alignnone size-medium wp-image-785\" src=\"https:\/\/temel-fm.de\/wp-content\/uploads\/2025\/01\/logo_v4-1-300x188.png\" alt=\"\" width=\"300\" height=\"188\" srcset=\"https:\/\/temel-fm.de\/wp-content\/uploads\/2025\/01\/logo_v4-1-300x188.png 300w, https:\/\/temel-fm.de\/wp-content\/uploads\/2025\/01\/logo_v4-1.png 500w\" sizes=\"auto, (max-width: 300px) 100vw, 300px\" \/><\/p>\n<\/div><\/section><\/div><div class='av-flex-placeholder'><\/div>\n<style type=\"text\/css\" data-created_by=\"avia_inline_auto\" id=\"style-css-av-qaev8-3168b1715db1543e106c043dcbfffae3\">\n.flex_column.av-qaev8-3168b1715db1543e106c043dcbfffae3{\nborder-radius:0px 0px 0px 0px;\npadding:0px 0px 0px 0px;\n}\n<\/style>\n<div  class='flex_column av-qaev8-3168b1715db1543e106c043dcbfffae3 av_two_third  avia-builder-el-7  el_after_av_one_third  el_before_av_one_third  flex_column_table_cell av-equal-height-column av-align-middle av-zero-column-padding  column-top-margin'     ><style type=\"text\/css\" data-created_by=\"avia_inline_auto\" id=\"style-css-av-mtpo4-31604d72180fcbfda4808fbdfffb1c46\">\n#top .av_textblock_section.av-mtpo4-31604d72180fcbfda4808fbdfffb1c46 .avia_textblock{\ncolor:#ffffff;\n}\n<\/style>\n<section  class='av_textblock_section av-mtpo4-31604d72180fcbfda4808fbdfffb1c46 '   itemscope=\"itemscope\" itemtype=\"https:\/\/schema.org\/CreativeWork\" ><div class='avia_textblock av_inherit_color'  itemprop=\"text\" ><p><strong>Gerne nehmen wir uns Zeit, die \u00f6rtlichen Gegebenheiten und Ihre W\u00fcnsche und Vorstellungen kennenzulernen. Auf Wunsch erstellen wir Ihnen gerne ein ma\u00dfgeschneidertes, unverbindliches Angebot. Denn SERVICE wird bei uns gro\u00df geschrieben!<\/strong><\/p>\n<p><strong>Wir freuen uns auf Sie.<\/strong><\/p>\n<\/div><\/section><\/div><\/div><!--close column table wrapper. Autoclose: 1 --><div class='flex_column_table av-197fuc-04c866322bbdaddda7259959edd128fa sc-av_one_third av-equal-height-column-flextable'>\n<style type=\"text\/css\" data-created_by=\"avia_inline_auto\" id=\"style-css-av-197fuc-04c866322bbdaddda7259959edd128fa\">\n.flex_column.av-197fuc-04c866322bbdaddda7259959edd128fa{\nborder-radius:0px 0px 0px 0px;\npadding:0px 0px 0px 0px;\n}\n<\/style>\n<div  class='flex_column av-197fuc-04c866322bbdaddda7259959edd128fa av_one_third  avia-builder-el-9  el_after_av_two_third  el_before_av_one_third  first flex_column_table_cell av-equal-height-column av-align-top av-zero-column-padding  column-top-margin'     ><style type=\"text\/css\" data-created_by=\"avia_inline_auto\" id=\"style-css-av-m5usoj7q-6e75b962cead62f738993357ebf42e3d\">\n#top .av-special-heading.av-m5usoj7q-6e75b962cead62f738993357ebf42e3d{\npadding-bottom:0;\ncolor:#ffffff;\nfont-size:42px;\n}\nbody .av-special-heading.av-m5usoj7q-6e75b962cead62f738993357ebf42e3d .av-special-heading-tag .heading-char{\nfont-size:25px;\n}\n#top #wrap_all .av-special-heading.av-m5usoj7q-6e75b962cead62f738993357ebf42e3d .av-special-heading-tag{\nfont-size:42px;\n}\n.av-special-heading.av-m5usoj7q-6e75b962cead62f738993357ebf42e3d .special-heading-inner-border{\nborder-color:#ffffff;\n}\n.av-special-heading.av-m5usoj7q-6e75b962cead62f738993357ebf42e3d .av-subheading{\nfont-size:14px;\n}\n\n@media only screen and (min-width: 480px) and (max-width: 767px){ \n#top #wrap_all .av-special-heading.av-m5usoj7q-6e75b962cead62f738993357ebf42e3d .av-special-heading-tag{\nfont-size:0.8em;\n}\n}\n\n@media only screen and (max-width: 479px){ \n#top #wrap_all .av-special-heading.av-m5usoj7q-6e75b962cead62f738993357ebf42e3d .av-special-heading-tag{\nfont-size:0.8em;\n}\n}\n<\/style>\n<div  class='av-special-heading av-m5usoj7q-6e75b962cead62f738993357ebf42e3d av-special-heading-h1 custom-color-heading blockquote modern-quote  avia-builder-el-10  avia-builder-el-no-sibling  av-inherit-size av-linked-heading'><h1 class='av-special-heading-tag '  itemprop=\"headline\"  >TEMEL Facility Management GmbH<\/h1><div class=\"special-heading-border\"><div class=\"special-heading-inner-border\"><\/div><\/div><\/div><\/div><div class='av-flex-placeholder'><\/div><div  class='flex_column av-mu3k4-035d2884512814bb5ee7eb6a39c9b1c9 av_one_third  avia-builder-el-11  el_after_av_one_third  el_before_av_one_third  flex_column_table_cell av-equal-height-column av-align-top  column-top-margin'     ><p>\n<style type=\"text\/css\" data-created_by=\"avia_inline_auto\" id=\"style-css-av-d0uqk-1e47bcf612d88549e72a459d9a9062ef\">\n#top .av-special-heading.av-d0uqk-1e47bcf612d88549e72a459d9a9062ef{\nmargin:px 0 0 0;\npadding-bottom:10px;\ncolor:#ffffff;\n}\nbody .av-special-heading.av-d0uqk-1e47bcf612d88549e72a459d9a9062ef .av-special-heading-tag .heading-char{\nfont-size:25px;\n}\n.av-special-heading.av-d0uqk-1e47bcf612d88549e72a459d9a9062ef .special-heading-inner-border{\nborder-color:#ffffff;\n}\n.av-special-heading.av-d0uqk-1e47bcf612d88549e72a459d9a9062ef .av-subheading{\nfont-size:15px;\n}\n<\/style>\n<div  class='av-special-heading av-d0uqk-1e47bcf612d88549e72a459d9a9062ef av-special-heading-h3 custom-color-heading blockquote modern-quote  avia-builder-el-12  el_before_av_hr  avia-builder-el-first '><h3 class='av-special-heading-tag '  itemprop=\"headline\"  >Kontakt<\/h3><div class=\"special-heading-border\"><div class=\"special-heading-inner-border\"><\/div><\/div><\/div><br \/>\n\n<style type=\"text\/css\" data-created_by=\"avia_inline_auto\" id=\"style-css-av-8zqz0-a52ff2a494bb532b231ada80424ca1da\">\n#top .hr.av-8zqz0-a52ff2a494bb532b231ada80424ca1da{\nmargin-top:-3px;\nmargin-bottom:0px;\n}\n.hr.av-8zqz0-a52ff2a494bb532b231ada80424ca1da .hr-inner{\nwidth:40px;\nborder-color:#ffffff;\n}\n<\/style>\n<div  class='hr av-8zqz0-a52ff2a494bb532b231ada80424ca1da hr-custom  avia-builder-el-13  el_after_av_heading  el_before_av_textblock  hr-left hr-icon-no'><span class='hr-inner inner-border-av-border-thin'><span class=\"hr-inner-style\"><\/span><\/span><\/div><br \/>\n\n<style type=\"text\/css\" data-created_by=\"avia_inline_auto\" id=\"style-css-av-m6azvy8l-bfad59563c882bc1a72528189b31ecec\">\n#top .av_textblock_section.av-m6azvy8l-bfad59563c882bc1a72528189b31ecec .avia_textblock{\nfont-size:15px;\ncolor:#ffffff;\n}\n<\/style>\n<section  class='av_textblock_section av-m6azvy8l-bfad59563c882bc1a72528189b31ecec '   itemscope=\"itemscope\" itemtype=\"https:\/\/schema.org\/CreativeWork\" ><div class='avia_textblock av_inherit_color'  itemprop=\"text\" ><p><img loading=\"lazy\" decoding=\"async\" class=\"alignnone size-full wp-image-3227\" src=\"https:\/\/temel-fm.de\/wp-content\/uploads\/2025\/01\/Element-75.svg\" alt=\"\" width=\"20\" height=\"19\" \/>\u00a0 +49 160 427 33 24<br \/>\n<img loading=\"lazy\" decoding=\"async\" class=\"alignnone size-full wp-image-3227\" src=\"https:\/\/temel-fm.de\/wp-content\/uploads\/2025\/01\/Element-75.svg\" alt=\"\" width=\"20\" height=\"19\" \/>\u00a0 +49 7156 30 701 50 oder 51<br \/>\n<img loading=\"lazy\" decoding=\"async\" class=\"alignnone size-full wp-image-3240\" src=\"https:\/\/temel-fm.de\/wp-content\/uploads\/2025\/01\/Element-80.svg\" alt=\"\" width=\"20\" height=\"20\" \/>\u00a0 +49 7156 30 70 155<br \/>\n<img loading=\"lazy\" decoding=\"async\" class=\"alignnone size-full wp-image-3226\" src=\"https:\/\/temel-fm.de\/wp-content\/uploads\/2025\/01\/Element-74.svg\" alt=\"\" width=\"21\" height=\"14\" \/>\u00a0 info@temel-fm.de<br \/>\n<img loading=\"lazy\" decoding=\"async\" class=\"alignnone size-full wp-image-3226\" src=\"https:\/\/temel-fm.de\/wp-content\/uploads\/2025\/01\/Element-74.svg\" alt=\"\" width=\"21\" height=\"14\" \/>\u00a0 info@temelreinigung.de<\/p>\n<\/div><\/section><\/p><\/div><div class='av-flex-placeholder'><\/div><div  class='flex_column av-lkm7o-13f4c5c4f293d9cfceb5bbd4d79ceb2f av_one_third  avia-builder-el-15  el_after_av_one_third  avia-builder-el-last  flex_column_table_cell av-equal-height-column av-align-top  column-top-margin'     ><p>\n<style type=\"text\/css\" data-created_by=\"avia_inline_auto\" id=\"style-css-av-m5ut5vrg-81543f9fc5b5b43724c9be00800dc47e\">\n#top .av-special-heading.av-m5ut5vrg-81543f9fc5b5b43724c9be00800dc47e{\nmargin:px 0 0 0;\npadding-bottom:10px;\ncolor:#ffffff;\n}\nbody .av-special-heading.av-m5ut5vrg-81543f9fc5b5b43724c9be00800dc47e .av-special-heading-tag .heading-char{\nfont-size:25px;\n}\n.av-special-heading.av-m5ut5vrg-81543f9fc5b5b43724c9be00800dc47e .special-heading-inner-border{\nborder-color:#ffffff;\n}\n.av-special-heading.av-m5ut5vrg-81543f9fc5b5b43724c9be00800dc47e .av-subheading{\nfont-size:15px;\n}\n<\/style>\n<div  class='av-special-heading av-m5ut5vrg-81543f9fc5b5b43724c9be00800dc47e av-special-heading-h3 custom-color-heading blockquote modern-quote  avia-builder-el-16  el_before_av_hr  avia-builder-el-first '><h3 class='av-special-heading-tag '  itemprop=\"headline\"  >Adresse<\/h3><div class=\"special-heading-border\"><div class=\"special-heading-inner-border\"><\/div><\/div><\/div><br \/>\n\n<style type=\"text\/css\" data-created_by=\"avia_inline_auto\" id=\"style-css-av-d72i4-97b0aa3e5d9a628bebab5ae36ad7ff64\">\n#top .hr.av-d72i4-97b0aa3e5d9a628bebab5ae36ad7ff64{\nmargin-top:-3px;\nmargin-bottom:0px;\n}\n.hr.av-d72i4-97b0aa3e5d9a628bebab5ae36ad7ff64 .hr-inner{\nwidth:40px;\nborder-color:#ffffff;\n}\n<\/style>\n<div  class='hr av-d72i4-97b0aa3e5d9a628bebab5ae36ad7ff64 hr-custom  avia-builder-el-17  el_after_av_heading  el_before_av_textblock  hr-left hr-icon-no'><span class='hr-inner inner-border-av-border-thin'><span class=\"hr-inner-style\"><\/span><\/span><\/div><br \/>\n\n<style type=\"text\/css\" data-created_by=\"avia_inline_auto\" id=\"style-css-av-b7xjo-d2750df71b131ee55de0e6852085cb1b\">\n#top .av_textblock_section.av-b7xjo-d2750df71b131ee55de0e6852085cb1b .avia_textblock{\nfont-size:15px;\ncolor:#ffffff;\n}\n<\/style>\n<section  class='av_textblock_section av-b7xjo-d2750df71b131ee55de0e6852085cb1b '   itemscope=\"itemscope\" itemtype=\"https:\/\/schema.org\/CreativeWork\" ><div class='avia_textblock av_inherit_color'  itemprop=\"text\" ><p><img loading=\"lazy\" decoding=\"async\" class=\"size-full wp-image-3177 alignleft\" src=\"https:\/\/temel-fm.de\/wp-content\/uploads\/2025\/01\/Element-26.svg\" alt=\"\" width=\"24\" height=\"24\" \/>Dieselstr. 28,<br \/>\n70839 Gerlingen<\/p>\n<\/div><\/section><br \/>\n\n<style type=\"text\/css\" data-created_by=\"avia_inline_auto\" id=\"style-css-av-m5ut6cci-e1fef826f2163cac937d6e4132c75931\">\n#top .av_textblock_section.av-m5ut6cci-e1fef826f2163cac937d6e4132c75931 .avia_textblock{\nfont-size:15px;\ncolor:#ffffff;\ntext-align:left;\ncolumn-count:3;\ncolumn-gap:2em;\n}\n<\/style>\n<section  class='av_textblock_section av-m5ut6cci-e1fef826f2163cac937d6e4132c75931 '   itemscope=\"itemscope\" itemtype=\"https:\/\/schema.org\/CreativeWork\" ><div class='avia_textblock av_multi_colums av_inherit_color'  itemprop=\"text\" ><p><img loading=\"lazy\" decoding=\"async\" class=\"alignnone size-full wp-image-3162\" src=\"https:\/\/temel-fm.de\/wp-content\/uploads\/2025\/01\/Element-11.svg\" alt=\"\" width=\"35\" height=\"35\" \/> <img loading=\"lazy\" decoding=\"async\" class=\"alignnone size-full wp-image-3163\" src=\"https:\/\/temel-fm.de\/wp-content\/uploads\/2025\/01\/Element-12.svg\" alt=\"\" width=\"35\" height=\"35\" \/><\/p>\n<\/div><\/section><\/p><\/div><\/div><!--close column table wrapper. Autoclose: 1 -->\n\n<\/div><\/div><\/main><!-- close content main element --><\/div><div class='av-extra-border-element border-extra-arrow-down'><div class='av-extra-border-outer'><div class='av-extra-border-inner'><\/div><\/div><\/div><\/div><div id='av-layout-grid-1'  class='av-layout-grid-container av-9t0cng-da529863f4dea9b5336ffd423e6fe010 entry-content-wrapper main_color av-flex-cells  avia-builder-el-20  el_after_av_section  el_before_av_section  grid-row-not-first  container_wrap sidebar_right'  >\n\n<style type=\"text\/css\" data-created_by=\"avia_inline_auto\" id=\"style-css-av-9qc458-7f2d68ea1bad692dc74354fcb7ea5dca\">\n.flex_cell.av-9qc458-7f2d68ea1bad692dc74354fcb7ea5dca{\nvertical-align:top;\n}\n<\/style>\n<div class='flex_cell av-9qc458-7f2d68ea1bad692dc74354fcb7ea5dca av-gridrow-cell av_one_full no_margin  avia-builder-el-21  avia-builder-el-no-sibling  content-align-top'  ><div class='flex_cell_inner'><section  class='av_textblock_section av-m5qjivr3-350cde08f594bea40936e847d70a5642 '   itemscope=\"itemscope\" itemtype=\"https:\/\/schema.org\/CreativeWork\" ><div class='avia_textblock'  itemprop=\"text\" ><p><iframe loading=\"lazy\" style=\"border: 0;\" src=\"https:\/\/www.google.com\/maps\/embed?pb=!1m18!1m12!1m3!1d2627.696874408198!2d9.069334713075865!3d48.80676370421731!2m3!1f0!2f0!3f0!3m2!1i1024!2i768!4f13.1!3m3!1m2!1s0x4799d99dbffc4313%3A0x71a22606f8736953!2sDieselstra%C3%9Fe%2028%2C%2070839%20Gerlingen!5e0!3m2!1sde!2sde!4v1736500391120!5m2!1sde!2sde\" width=\"100%\" height=\"350\" allowfullscreen=\"allowfullscreen\"><\/iframe><\/p>\n<\/div><\/section>\n<\/div><\/div>\n<\/div>\n<div id='av_section_2'  class='avia-section av-acbugk-39aded99229553e4aa06595ee46ccf7b main_color avia-section-default avia-no-border-styling  avia-builder-el-23  el_after_av_layout_row  el_before_av_section  avia-bg-style-scroll container_wrap sidebar_right'  ><div class='container av-section-cont-open' ><div class='template-page content  av-content-small alpha units'><div class='post-entry post-entry-type-page post-entry-844'><div class='entry-content-wrapper clearfix'>\n\n<style type=\"text\/css\" data-created_by=\"avia_inline_auto\" id=\"style-css-av-a77bpo-f977f0dcacc2e90ecc3177486a8add86\">\n#top .av-special-heading.av-a77bpo-f977f0dcacc2e90ecc3177486a8add86{\npadding-bottom:10px;\nfont-size:34px;\n}\nbody .av-special-heading.av-a77bpo-f977f0dcacc2e90ecc3177486a8add86 .av-special-heading-tag .heading-char{\nfont-size:25px;\n}\n#top #wrap_all .av-special-heading.av-a77bpo-f977f0dcacc2e90ecc3177486a8add86 .av-special-heading-tag{\nfont-size:34px;\n}\n.av-special-heading.av-a77bpo-f977f0dcacc2e90ecc3177486a8add86 .av-subheading{\nfont-size:15px;\n}\n\n@media only screen and (min-width: 480px) and (max-width: 767px){ \n#top #wrap_all .av-special-heading.av-a77bpo-f977f0dcacc2e90ecc3177486a8add86 .av-special-heading-tag{\nfont-size:0.8em;\n}\n}\n\n@media only screen and (max-width: 479px){ \n#top #wrap_all .av-special-heading.av-a77bpo-f977f0dcacc2e90ecc3177486a8add86 .av-special-heading-tag{\nfont-size:0.8em;\n}\n}\n<\/style>\n<div  class='av-special-heading av-a77bpo-f977f0dcacc2e90ecc3177486a8add86 av-special-heading-h1 blockquote modern-quote modern-centered  avia-builder-el-24  el_before_av_textblock  avia-builder-el-first  av-inherit-size'><h1 class='av-special-heading-tag '  itemprop=\"headline\"  >Wir freuen uns auf Ihre Anfrage!<\/h1><div class=\"special-heading-border\"><div class=\"special-heading-inner-border\"><\/div><\/div><\/div>\n<section  class='av_textblock_section av-a2mwqc-72a8f9c182cdfad234274c0ebb6e7641 '   itemscope=\"itemscope\" itemtype=\"https:\/\/schema.org\/CreativeWork\" ><div class='avia_textblock'  itemprop=\"text\" ><p style=\"text-align: center;\">Sie haben eine kurze Frage oder w\u00fcnschen einen R\u00fcckruf? Hinterlassen Sie uns einfach eine kurze Nachricht \u00fcber unser Kontaktformular \u2013 wir werden uns schnellstm\u00f6glich bei Ihnen melden!<\/p>\n<\/div><\/section>\n\n<\/div><\/div><\/div><!-- close content main div --><\/div><\/div>\n<style type=\"text\/css\" data-created_by=\"avia_inline_auto\" id=\"style-css-av-kfsyz-cb8e1c467c7b70382e42ff8ab9eca2c9\">\n.avia-section.av-kfsyz-cb8e1c467c7b70382e42ff8ab9eca2c9{\nbackground-color:#ffffff;\nbackground-image:unset;\n}\n<\/style>\n<div id='milestones_section'  class='avia-section av-kfsyz-cb8e1c467c7b70382e42ff8ab9eca2c9 main_color avia-section-huge avia-no-border-styling  avia-builder-el-26  el_after_av_section  avia-builder-el-last  avia-bg-style-scroll container_wrap sidebar_right'  ><div class='container av-section-cont-open' ><div class='template-page content  av-content-small alpha units'><div class='post-entry post-entry-type-page post-entry-844'><div class='entry-content-wrapper clearfix'>\n<form action=\"https:\/\/temel-fm.de\/index.php\/kontakt\/\" method=\"post\" data-fields-with-error=\"Fehler wurden in folgenden Feld(ern) gefunden:\" class=\"avia_ajax_form av-form-labels-hidden   avia-builder-el-27  avia-builder-el-no-sibling   \" data-avia-form-id=\"1\" data-avia-redirect=''  aria-label='Kontaktformular' ><fieldset><p class='  first_form  form_element form_element_half' id='element_avia_1_1'><label for=\"avia_1_1\">Name <abbr class=\"required\" title=\"ben\u00f6tigt\">*<\/abbr><\/label> <input name=\"avia_1_1\" class=\"text_input is_empty\" type=\"text\" id=\"avia_1_1\" value=\"\"  placeholder='Name*'\/><\/p><p class='  form_element form_element_half' id='element_avia_2_1'><label for=\"avia_2_1\">E-Mail <abbr class=\"required\" title=\"ben\u00f6tigt\">*<\/abbr><\/label> <input name=\"avia_2_1\" class=\"text_input is_email\" type=\"text\" id=\"avia_2_1\" value=\"\"  placeholder='E-Mail*'\/><\/p><p class='  first_form  form_element form_fullwidth' id='element_avia_3_1'><label for=\"avia_3_1\">Betreff <abbr class=\"required\" title=\"ben\u00f6tigt\">*<\/abbr><\/label> <input name=\"avia_3_1\" class=\"text_input is_empty\" type=\"text\" id=\"avia_3_1\" value=\"\"  placeholder='Betreff*'\/><\/p><p class='  first_form  form_element form_fullwidth' id='element_avia_4_1'><label for=\"avia_4_1\" class=\"textare_label hidden textare_label_avia_4_1\">Nachricht <abbr class=\"required\" title=\"ben\u00f6tigt\">*<\/abbr><\/label><textarea  placeholder='Nachricht*' name=\"avia_4_1\" class=\"text_area is_empty\" cols=\"40\" rows=\"7\" id=\"avia_4_1\" ><\/textarea><\/p><p class=\"hidden\"><input type=\"text\" name=\"avia_5_1\" class=\"hidden \" id=\"avia_5_1\" value=\"\" \/><\/p><div id='avia_6_1' class='av-recaptcha-area  first_form  form_element form_fullwidth '  data-container_class=\"\" data-custom_class=\"\" data-context=\"av_contact_form\" data-token_input=\"av_recaptcha_token\" data-version=\"avia_recaptcha_v2\" data-theme=\"light\" data-size=\"normal\" data-score=\"0.5\" data-text_to_preview=\"\" data-value=\"\"><div class=\"av-google-badge-message hidden\">Diese Seite wird durch reCAPTCHA gesch\u00fctzt und es gelten die Google <a href=\"https:\/\/policies.google.com\/privacy\">Datenschutzerkl\u00e4rungen<\/a> und <a href=\"https:\/\/policies.google.com\/terms\">Nutzungsbedingungen<\/a><\/div><\/div><p class=\"form_element \"><input type=\"hidden\" value=\"1\" name=\"avia_generated_form1\" \/><input type=\"submit\" value=\"Senden\" class=\"button\"  data-sending-label=\"Sende\"\/><\/p><\/fieldset><div class=\"avia-disabled-form\">Dieses Kontaktformular ist momentan deaktiviert, da Sie den Google reCAPTCHA-Service noch nicht akzeptiert haben. Dieser ist f\u00fcr die Validierung des Sendevorgangs jedoch notwendig<\/div><\/form><div id=\"ajaxresponse_1\" class=\"ajaxresponse ajaxresponse_1 hidden\"><\/div>\n<\/div><\/div><\/div><!-- close content main div --><\/div><\/div><div id='after_section_3'  class='main_color av_default_container_wrap container_wrap sidebar_right'  ><div class='container av-section-cont-open' ><div class='template-page content  av-content-small alpha units'><div class='post-entry post-entry-type-page post-entry-844'><div class='entry-content-wrapper clearfix'>\n","protected":false},"excerpt":{"rendered":"","protected":false},"author":2,"featured_media":0,"parent":0,"menu_order":0,"comment_status":"closed","ping_status":"closed","template":"","meta":{"footnotes":""},"class_list":["post-844","page","type-page","status-publish","hentry"],"_links":{"self":[{"href":"https:\/\/temel-fm.de\/index.php\/wp-json\/wp\/v2\/pages\/844","targetHints":{"allow":["GET"]}}],"collection":[{"href":"https:\/\/temel-fm.de\/index.php\/wp-json\/wp\/v2\/pages"}],"about":[{"href":"https:\/\/temel-fm.de\/index.php\/wp-json\/wp\/v2\/types\/page"}],"author":[{"embeddable":true,"href":"https:\/\/temel-fm.de\/index.php\/wp-json\/wp\/v2\/users\/2"}],"replies":[{"embeddable":true,"href":"https:\/\/temel-fm.de\/index.php\/wp-json\/wp\/v2\/comments?post=844"}],"version-history":[{"count":0,"href":"https:\/\/temel-fm.de\/index.php\/wp-json\/wp\/v2\/pages\/844\/revisions"}],"wp:attachment":[{"href":"https:\/\/temel-fm.de\/index.php\/wp-json\/wp\/v2\/media?parent=844"}],"curies":[{"name":"wp","href":"https:\/\/api.w.org\/{rel}","templated":true}]}}